{"id":131,"date":"2018-07-11T09:20:14","date_gmt":"2018-07-11T07:20:14","guid":{"rendered":"http:\/\/haarmeile-diefriseure.eu\/?page_id=131"},"modified":"2020-04-29T10:26:42","modified_gmt":"2020-04-29T08:26:42","slug":"impressum","status":"publish","type":"page","link":"https:\/\/www.haarmeile-diefriseure.de\/?page_id=131","title":{"rendered":"Impressum"},"content":{"rendered":"<p>\u00a9 Haarmeile-Die Friseure<br \/>\nAlle Rechte vorbehalten. Alle Daten innerhalb dieser Domain\/Site sind urheberrechtlich gesch\u00fctzt und d\u00fcrfen nicht ohne Zustimmung der Rechteinhaber verwendet werden.<\/p>\n<p>Datenschutz:<br \/>\nAlle innerhalb dieses Online-Angebotes empfangenen und verarbeiteten Daten werden vertraulich gem. \u00a7 5 BDSG behandelt und nicht an Dritte weitergegeben. Die Daten werden nur zur Bearbeitung Ihrer Anfragen genutzt.<\/p>\n<p>Haftungshinweise:<br \/>\nTrotz sorgf\u00e4ltiger inhaltlicher Kontrolle \u00fcbernehmen wir keine Haftung f\u00fcr die Inhalte externer Links. F\u00fcr den Inhalt der verlinkten Seiten sind ausschlie\u00dflich deren Betreiber verantwortlich. Es wird keine Haftung f\u00fcr die Vollst\u00e4ndigkeit oder Richtigkeit der in Text und Dateien enthaltenen Angaben \u00fcbernommen.<\/p>\n<p>Katja Hirsch &amp; Alessandro Milano<br \/>\nHaarMeile &#8211; Die Friseure<br \/>\nOberer Metzgerbach 9<br \/>\n73728 Esslingen am Neckar<br \/>\nTel: 0711\/357294<br \/>\nMail: Haarmeile@web.de<br \/>\nUST-IdNr. DE313626179<\/p>\n","protected":false},"excerpt":{"rendered":"<p>\u00a9 Haarmeile-Die Friseure Alle Rechte vorbehalten. Alle Daten innerhalb dieser Domain\/Site sind urheberrechtlich gesch\u00fctzt und d\u00fcrfen nicht ohne Zustimmung der Rechteinhaber verwendet werden. Datenschutz: Alle innerhalb dieses Online-Angebotes empfangenen und verarbeiteten Daten werden vertraulich gem. \u00a7 5 BDSG behandelt und nicht an Dritte weitergegeben. Die Daten werden nur zur Bearbeitung Ihrer Anfragen genutzt. Haftungshinweise: Trotz &hellip; <\/p>\n<p class=\"link-more\"><a href=\"https:\/\/www.haarmeile-diefriseure.de\/?page_id=131\" class=\"more-link\"><span class=\"screen-reader-text\">\u201eImpressum\u201c<\/span> weiterlesen<\/a><\/p>\n","protected":false},"author":1,"featured_media":0,"parent":0,"menu_order":0,"comment_status":"closed","ping_status":"closed","template":"","meta":{"footnotes":""},"class_list":["post-131","page","type-page","status-publish","hentry"],"_links":{"self":[{"href":"https:\/\/www.haarmeile-diefriseure.de\/index.php?rest_route=\/wp\/v2\/pages\/131","targetHints":{"allow":["GET"]}}],"collection":[{"href":"https:\/\/www.haarmeile-diefriseure.de\/index.php?rest_route=\/wp\/v2\/pages"}],"about":[{"href":"https:\/\/www.haarmeile-diefriseure.de\/index.php?rest_route=\/wp\/v2\/types\/page"}],"author":[{"embeddable":true,"href":"https:\/\/www.haarmeile-diefriseure.de\/index.php?rest_route=\/wp\/v2\/users\/1"}],"replies":[{"embeddable":true,"href":"https:\/\/www.haarmeile-diefriseure.de\/index.php?rest_route=%2Fwp%2Fv2%2Fcomments&post=131"}],"version-history":[{"count":4,"href":"https:\/\/www.haarmeile-diefriseure.de\/index.php?rest_route=\/wp\/v2\/pages\/131\/revisions"}],"predecessor-version":[{"id":164,"href":"https:\/\/www.haarmeile-diefriseure.de\/index.php?rest_route=\/wp\/v2\/pages\/131\/revisions\/164"}],"wp:attachment":[{"href":"https:\/\/www.haarmeile-diefriseure.de\/index.php?rest_route=%2Fwp%2Fv2%2Fmedia&parent=131"}],"curies":[{"name":"wp","href":"https:\/\/api.w.org\/{rel}","templated":true}]}}