{"id":8,"date":"2017-10-30T09:34:32","date_gmt":"2017-10-30T08:34:32","guid":{"rendered":"http:\/\/haarmeile-diefriseure.eu\/?page_id=8"},"modified":"2020-04-28T17:30:07","modified_gmt":"2020-04-28T15:30:07","slug":"ueber-mich","status":"publish","type":"page","link":"https:\/\/www.haarmeile-diefriseure.de\/?page_id=8","title":{"rendered":"\u00dcber uns"},"content":{"rendered":"<table class=\"tg\">\n<tbody>\n<tr>\n<th class=\"tg-yw4l\" style=\"text-align: center;\" colspan=\"2\">Katja &amp; Sandro<\/th>\n<\/tr>\n<tr>\n<td class=\"tg-yw4l\" colspan=\"2\">\n<p style=\"text-align: center;\">Herzlich Willkommen in der Haarmeile-Die Friseure.<\/p>\n<p style=\"text-align: center;\">Seit dem 06.10.2017 haben wir uns aus Leidenschaft zu unserem Beruf im Herzen von Esslingen selbstst\u00e4ndig gemacht. Wir haben einen modernen Raum geschaffen, in dem Sie sich bei entspannter Atmosph\u00e4re wohlf\u00fchlen werden. Lassen Sie sich verw\u00f6hnen und entfliehen Sie dem Alltagsstress. Wir gehen stets auf Kundenw\u00fcnsche ein und suchen das bestm\u00f6gliche individuell f\u00fcr sie heraus.<\/p>\n<p style=\"text-align: center;\">Wir freuen uns auf Ihren Besuch.<\/p>\n<\/td>\n<\/tr>\n<tr>\n<td class=\"tg-yw4l\"><img loading=\"lazy\" decoding=\"async\" class=\"alignleft wp-image-158 size-large\" src=\"https:\/\/www.haarmeile-diefriseure.de\/wp-content\/uploads\/2020\/04\/c085b6a9-c960-48c3-ab31-158ceed18334-1024x726.jpg\" alt=\"\" width=\"525\" height=\"372\" srcset=\"https:\/\/www.haarmeile-diefriseure.de\/wp-content\/uploads\/2020\/04\/c085b6a9-c960-48c3-ab31-158ceed18334-1024x726.jpg 1024w, https:\/\/www.haarmeile-diefriseure.de\/wp-content\/uploads\/2020\/04\/c085b6a9-c960-48c3-ab31-158ceed18334-300x213.jpg 300w, https:\/\/www.haarmeile-diefriseure.de\/wp-content\/uploads\/2020\/04\/c085b6a9-c960-48c3-ab31-158ceed18334-768x544.jpg 768w, https:\/\/www.haarmeile-diefriseure.de\/wp-content\/uploads\/2020\/04\/c085b6a9-c960-48c3-ab31-158ceed18334-1536x1089.jpg 1536w, https:\/\/www.haarmeile-diefriseure.de\/wp-content\/uploads\/2020\/04\/c085b6a9-c960-48c3-ab31-158ceed18334.jpg 1600w\" sizes=\"auto, (max-width: 525px) 100vw, 525px\" \/><\/td>\n<td class=\"tg-yw4l\"><img loading=\"lazy\" decoding=\"async\" class=\"alignright wp-image-157 size-large\" src=\"https:\/\/www.haarmeile-diefriseure.de\/wp-content\/uploads\/2020\/04\/de56be83-1a29-4034-973a-9eaf406f172d-1024x723.jpg\" alt=\"\" width=\"525\" height=\"371\" srcset=\"https:\/\/www.haarmeile-diefriseure.de\/wp-content\/uploads\/2020\/04\/de56be83-1a29-4034-973a-9eaf406f172d-1024x723.jpg 1024w, https:\/\/www.haarmeile-diefriseure.de\/wp-content\/uploads\/2020\/04\/de56be83-1a29-4034-973a-9eaf406f172d-300x212.jpg 300w, https:\/\/www.haarmeile-diefriseure.de\/wp-content\/uploads\/2020\/04\/de56be83-1a29-4034-973a-9eaf406f172d-768x542.jpg 768w, https:\/\/www.haarmeile-diefriseure.de\/wp-content\/uploads\/2020\/04\/de56be83-1a29-4034-973a-9eaf406f172d-1536x1085.jpg 1536w, https:\/\/www.haarmeile-diefriseure.de\/wp-content\/uploads\/2020\/04\/de56be83-1a29-4034-973a-9eaf406f172d.jpg 1600w\" sizes=\"auto, (max-width: 525px) 100vw, 525px\" \/><\/td>\n<\/tr>\n<\/tbody>\n<\/table>\n","protected":false},"excerpt":{"rendered":"<p>Katja &amp; Sandro Herzlich Willkommen in der Haarmeile-Die Friseure. Seit dem 06.10.2017 haben wir uns aus Leidenschaft zu unserem Beruf im Herzen von Esslingen selbstst\u00e4ndig gemacht. Wir haben einen modernen Raum geschaffen, in dem Sie sich bei entspannter Atmosph\u00e4re wohlf\u00fchlen werden. Lassen Sie sich verw\u00f6hnen und entfliehen Sie dem Alltagsstress. Wir gehen stets auf Kundenw\u00fcnsche &hellip; <\/p>\n<p class=\"link-more\"><a href=\"https:\/\/www.haarmeile-diefriseure.de\/?page_id=8\" class=\"more-link\"><span class=\"screen-reader-text\">\u201e\u00dcber uns\u201c<\/span> weiterlesen<\/a><\/p>\n","protected":false},"author":1,"featured_media":0,"parent":0,"menu_order":0,"comment_status":"closed","ping_status":"closed","template":"","meta":{"footnotes":""},"class_list":["post-8","page","type-page","status-publish","hentry"],"_links":{"self":[{"href":"https:\/\/www.haarmeile-diefriseure.de\/index.php?rest_route=\/wp\/v2\/pages\/8","targetHints":{"allow":["GET"]}}],"collection":[{"href":"https:\/\/www.haarmeile-diefriseure.de\/index.php?rest_route=\/wp\/v2\/pages"}],"about":[{"href":"https:\/\/www.haarmeile-diefriseure.de\/index.php?rest_route=\/wp\/v2\/types\/page"}],"author":[{"embeddable":true,"href":"https:\/\/www.haarmeile-diefriseure.de\/index.php?rest_route=\/wp\/v2\/users\/1"}],"replies":[{"embeddable":true,"href":"https:\/\/www.haarmeile-diefriseure.de\/index.php?rest_route=%2Fwp%2Fv2%2Fcomments&post=8"}],"version-history":[{"count":22,"href":"https:\/\/www.haarmeile-diefriseure.de\/index.php?rest_route=\/wp\/v2\/pages\/8\/revisions"}],"predecessor-version":[{"id":161,"href":"https:\/\/www.haarmeile-diefriseure.de\/index.php?rest_route=\/wp\/v2\/pages\/8\/revisions\/161"}],"wp:attachment":[{"href":"https:\/\/www.haarmeile-diefriseure.de\/index.php?rest_route=%2Fwp%2Fv2%2Fmedia&parent=8"}],"curies":[{"name":"wp","href":"https:\/\/api.w.org\/{rel}","templated":true}]}}